{"id":936,"date":"2022-08-20T14:34:56","date_gmt":"2022-08-20T17:34:56","guid":{"rendered":"https:\/\/estacionbebidas.com.ar\/?post_type=product&#038;p=936"},"modified":"2023-07-16T01:53:15","modified_gmt":"2023-07-16T04:53:15","slug":"papas-pringles-sabor-crema-y-cebolla-x-71gr","status":"publish","type":"product","link":"https:\/\/estacionbebidas.com.ar\/index.php\/product\/papas-pringles-sabor-crema-y-cebolla-x-71gr\/","title":{"rendered":"Papas Pringles sabor CREMA Y CEBOLLA x 71gr"},"content":{"rendered":"<p><span style=\"font-weight: 400;\">Papas Pringles sabor CREMA Y CEBOLLA x 71gr<\/span><\/p>\n","protected":false},"excerpt":{"rendered":"<p>Papas Pringles sabor CREMA Y CEBOLLA x 71gr<\/p>\n","protected":false},"featured_media":937,"comment_status":"open","ping_status":"closed","template":"","meta":{"inline_featured_image":false},"product_cat":[31],"product_tag":[],"class_list":{"0":"post-936","1":"product","2":"type-product","3":"status-publish","4":"has-post-thumbnail","6":"product_cat-snacks","8":"first","9":"outofstock","10":"shipping-taxable","11":"purchasable","12":"product-type-simple"},"aioseo_notices":[],"jetpack-related-posts":[{"id":934,"url":"https:\/\/estacionbebidas.com.ar\/index.php\/product\/papas-pringles-sabor-queso-x-71gr\/","url_meta":{"origin":936,"position":0},"title":"Papas Pringles sabor QUESO x 71gr","author":"EstacionBebidas","date":"20\/08\/2022","format":false,"excerpt":"Papas Pringles sabor QUESO x 71gr","rel":"","context":"Entrada similar ","block_context":{"text":"Entrada similar ","link":""},"img":{"alt_text":"","src":"https:\/\/i0.wp.com\/estacionbebidas.com.ar\/wp-content\/uploads\/2022\/08\/Papas-Pringles-Queso-67gr.jpg?fit=700%2C700&ssl=1&resize=350%2C200","width":350,"height":200,"srcset":"https:\/\/i0.wp.com\/estacionbebidas.com.ar\/wp-content\/uploads\/2022\/08\/Papas-Pringles-Queso-67gr.jpg?fit=700%2C700&ssl=1&resize=350%2C200 1x, https:\/\/i0.wp.com\/estacionbebidas.com.ar\/wp-content\/uploads\/2022\/08\/Papas-Pringles-Queso-67gr.jpg?fit=700%2C700&ssl=1&resize=525%2C300 1.5x, https:\/\/i0.wp.com\/estacionbebidas.com.ar\/wp-content\/uploads\/2022\/08\/Papas-Pringles-Queso-67gr.jpg?fit=700%2C700&ssl=1&resize=700%2C400 2x"},"classes":[]},{"id":901,"url":"https:\/\/estacionbebidas.com.ar\/index.php\/product\/papas-pringles-original-x-67gr\/","url_meta":{"origin":936,"position":1},"title":"Papas Pringles Original x 67gr","author":"EstacionBebidas","date":"27\/07\/2022","format":false,"excerpt":"Papas Pringles Original x 67gr","rel":"","context":"Entrada similar ","block_context":{"text":"Entrada similar ","link":""},"img":{"alt_text":"","src":"https:\/\/i0.wp.com\/estacionbebidas.com.ar\/wp-content\/uploads\/2022\/07\/Papas-Pringles-Original-67gr.jpg?fit=700%2C700&ssl=1&resize=350%2C200","width":350,"height":200,"srcset":"https:\/\/i0.wp.com\/estacionbebidas.com.ar\/wp-content\/uploads\/2022\/07\/Papas-Pringles-Original-67gr.jpg?fit=700%2C700&ssl=1&resize=350%2C200 1x, https:\/\/i0.wp.com\/estacionbebidas.com.ar\/wp-content\/uploads\/2022\/07\/Papas-Pringles-Original-67gr.jpg?fit=700%2C700&ssl=1&resize=525%2C300 1.5x, https:\/\/i0.wp.com\/estacionbebidas.com.ar\/wp-content\/uploads\/2022\/07\/Papas-Pringles-Original-67gr.jpg?fit=700%2C700&ssl=1&resize=700%2C400 2x"},"classes":[]},{"id":1082,"url":"https:\/\/estacionbebidas.com.ar\/index.php\/product\/fernet-buhero-negro-700cc\/","url_meta":{"origin":936,"position":2},"title":"Fernet Buhero Negro 700cc","author":"EstacionBebidas","date":"17\/11\/2023","format":false,"excerpt":"Ingredientes:\u00a0m\u00e1s de 20 bot\u00e1nicos de todas partes del mundo que son seleccionados, molidos y mezclados, para macerarse en alcohol. Incluidos Azafr\u00e1n, Menta, Quina Roja, Te Negro, L\u00fapulo y Nuez Moscada. Elaboraci\u00f3n:\u00a0Mediante un proceso de maceraci\u00f3n e infusi\u00f3n, se extraen los compuestos de las hierbas que le dan aroma, sabor y\u2026","rel":"","context":"Entrada similar ","block_context":{"text":"Entrada similar ","link":""},"img":{"alt_text":"","src":"https:\/\/i0.wp.com\/estacionbebidas.com.ar\/wp-content\/uploads\/2023\/11\/fernet-buhero.jpg?fit=800%2C800&ssl=1&resize=350%2C200","width":350,"height":200,"srcset":"https:\/\/i0.wp.com\/estacionbebidas.com.ar\/wp-content\/uploads\/2023\/11\/fernet-buhero.jpg?fit=800%2C800&ssl=1&resize=350%2C200 1x, https:\/\/i0.wp.com\/estacionbebidas.com.ar\/wp-content\/uploads\/2023\/11\/fernet-buhero.jpg?fit=800%2C800&ssl=1&resize=525%2C300 1.5x, https:\/\/i0.wp.com\/estacionbebidas.com.ar\/wp-content\/uploads\/2023\/11\/fernet-buhero.jpg?fit=800%2C800&ssl=1&resize=700%2C400 2x"},"classes":[]},{"id":1023,"url":"https:\/\/estacionbebidas.com.ar\/index.php\/product\/cerveza-miller-473ml-sixpack\/","url_meta":{"origin":936,"position":3},"title":"Cerveza Miller 473ml Sixpack","author":"EstacionBebidas","date":"21\/03\/2023","format":false,"excerpt":"Miller Genuine Draft es una cerveza Premium americana. Tiene un exclusivo proceso de elaboraci\u00f3n de 4 veces filtrada, que le da un sabor excepcionalmente suave y refrescante.","rel":"","context":"Entrada similar ","block_context":{"text":"Entrada similar ","link":""},"img":{"alt_text":"","src":"https:\/\/i0.wp.com\/estacionbebidas.com.ar\/wp-content\/uploads\/2023\/03\/Sixpack-Miller-473ml.jpg?fit=1100%2C1100&ssl=1&resize=350%2C200","width":350,"height":200,"srcset":"https:\/\/i0.wp.com\/estacionbebidas.com.ar\/wp-content\/uploads\/2023\/03\/Sixpack-Miller-473ml.jpg?fit=1100%2C1100&ssl=1&resize=350%2C200 1x, https:\/\/i0.wp.com\/estacionbebidas.com.ar\/wp-content\/uploads\/2023\/03\/Sixpack-Miller-473ml.jpg?fit=1100%2C1100&ssl=1&resize=525%2C300 1.5x, https:\/\/i0.wp.com\/estacionbebidas.com.ar\/wp-content\/uploads\/2023\/03\/Sixpack-Miller-473ml.jpg?fit=1100%2C1100&ssl=1&resize=700%2C400 2x, https:\/\/i0.wp.com\/estacionbebidas.com.ar\/wp-content\/uploads\/2023\/03\/Sixpack-Miller-473ml.jpg?fit=1100%2C1100&ssl=1&resize=1050%2C600 3x"},"classes":[]},{"id":900,"url":"https:\/\/estacionbebidas.com.ar\/index.php\/product\/nachos-macritas-x-250gr\/","url_meta":{"origin":936,"position":4},"title":"Nachos Macritas x 250gr","author":"EstacionBebidas","date":"27\/07\/2022","format":false,"excerpt":"Nachos Macritas x 250gr","rel":"","context":"Entrada similar ","block_context":{"text":"Entrada similar ","link":""},"img":{"alt_text":"","src":"https:\/\/i0.wp.com\/estacionbebidas.com.ar\/wp-content\/uploads\/2022\/07\/Nachos-Macritas-90gr.jpg?fit=700%2C700&ssl=1&resize=350%2C200","width":350,"height":200,"srcset":"https:\/\/i0.wp.com\/estacionbebidas.com.ar\/wp-content\/uploads\/2022\/07\/Nachos-Macritas-90gr.jpg?fit=700%2C700&ssl=1&resize=350%2C200 1x, https:\/\/i0.wp.com\/estacionbebidas.com.ar\/wp-content\/uploads\/2022\/07\/Nachos-Macritas-90gr.jpg?fit=700%2C700&ssl=1&resize=525%2C300 1.5x, https:\/\/i0.wp.com\/estacionbebidas.com.ar\/wp-content\/uploads\/2022\/07\/Nachos-Macritas-90gr.jpg?fit=700%2C700&ssl=1&resize=700%2C400 2x"},"classes":[]},{"id":898,"url":"https:\/\/estacionbebidas.com.ar\/index.php\/product\/mani-pelado-salado-x-250gr\/","url_meta":{"origin":936,"position":5},"title":"Man\u00ed pelado salado x 250gr","author":"EstacionBebidas","date":"27\/07\/2022","format":false,"excerpt":"Man\u00ed pelado salado x 250gr","rel":"","context":"Entrada similar ","block_context":{"text":"Entrada similar ","link":""},"img":{"alt_text":"","src":"https:\/\/i0.wp.com\/estacionbebidas.com.ar\/wp-content\/uploads\/2022\/07\/Mani-pelado-salado.jpg?fit=700%2C700&ssl=1&resize=350%2C200","width":350,"height":200,"srcset":"https:\/\/i0.wp.com\/estacionbebidas.com.ar\/wp-content\/uploads\/2022\/07\/Mani-pelado-salado.jpg?fit=700%2C700&ssl=1&resize=350%2C200 1x, https:\/\/i0.wp.com\/estacionbebidas.com.ar\/wp-content\/uploads\/2022\/07\/Mani-pelado-salado.jpg?fit=700%2C700&ssl=1&resize=525%2C300 1.5x, https:\/\/i0.wp.com\/estacionbebidas.com.ar\/wp-content\/uploads\/2022\/07\/Mani-pelado-salado.jpg?fit=700%2C700&ssl=1&resize=700%2C400 2x"},"classes":[]}],"jetpack_sharing_enabled":true,"_links":{"self":[{"href":"https:\/\/estacionbebidas.com.ar\/index.php\/wp-json\/wp\/v2\/product\/936","targetHints":{"allow":["GET"]}}],"collection":[{"href":"https:\/\/estacionbebidas.com.ar\/index.php\/wp-json\/wp\/v2\/product"}],"about":[{"href":"https:\/\/estacionbebidas.com.ar\/index.php\/wp-json\/wp\/v2\/types\/product"}],"replies":[{"embeddable":true,"href":"https:\/\/estacionbebidas.com.ar\/index.php\/wp-json\/wp\/v2\/comments?post=936"}],"wp:featuredmedia":[{"embeddable":true,"href":"https:\/\/estacionbebidas.com.ar\/index.php\/wp-json\/wp\/v2\/media\/937"}],"wp:attachment":[{"href":"https:\/\/estacionbebidas.com.ar\/index.php\/wp-json\/wp\/v2\/media?parent=936"}],"wp:term":[{"taxonomy":"product_cat","embeddable":true,"href":"https:\/\/estacionbebidas.com.ar\/index.php\/wp-json\/wp\/v2\/product_cat?post=936"},{"taxonomy":"product_tag","embeddable":true,"href":"https:\/\/estacionbebidas.com.ar\/index.php\/wp-json\/wp\/v2\/product_tag?post=936"}],"curies":[{"name":"wp","href":"https:\/\/api.w.org\/{rel}","templated":true}]}}