{"id":873,"date":"2022-07-24T18:54:52","date_gmt":"2022-07-24T21:54:52","guid":{"rendered":"https:\/\/estacionbebidas.com.ar\/?post_type=product&#038;p=873"},"modified":"2024-02-09T21:05:32","modified_gmt":"2024-02-10T00:05:32","slug":"mumm-extra-brut-750cm3","status":"publish","type":"product","link":"https:\/\/estacionbebidas.com.ar\/index.php\/product\/mumm-extra-brut-750cm3\/","title":{"rendered":"Mumm Brut 750cm3"},"content":{"rendered":"<p><span style=\"font-weight: 400;\">Mumm Extra Brut 750cm3<\/span><\/p>\n","protected":false},"excerpt":{"rendered":"<p>Mumm Extra Brut 750cm3<\/p>\n","protected":false},"featured_media":484,"comment_status":"open","ping_status":"closed","template":"","meta":{"inline_featured_image":false},"product_cat":[29],"product_tag":[],"class_list":{"0":"post-873","1":"product","2":"type-product","3":"status-publish","4":"has-post-thumbnail","6":"product_cat-espumantes","8":"first","9":"instock","10":"shipping-taxable","11":"purchasable","12":"product-type-simple"},"aioseo_notices":[],"jetpack-related-posts":[{"id":809,"url":"https:\/\/estacionbebidas.com.ar\/index.php\/product\/mumm-extra-brut-750cm3-2-speed-250-ml\/","url_meta":{"origin":873,"position":0},"title":"Mumm Extra Brut 750cm3 + 2 Speed 250 ml","author":"EstacionBebidas","date":"24\/07\/2022","format":false,"excerpt":"Mumm Extra Brut 750cm3 + 2 Speed 250 ml","rel":"","context":"Entrada similar ","block_context":{"text":"Entrada similar ","link":""},"img":{"alt_text":"","src":"https:\/\/i0.wp.com\/estacionbebidas.com.ar\/wp-content\/uploads\/2022\/07\/Mumm-Extra-Brut-750cm3-2-Speed-250-ml.jpg?fit=700%2C700&ssl=1&resize=350%2C200","width":350,"height":200,"srcset":"https:\/\/i0.wp.com\/estacionbebidas.com.ar\/wp-content\/uploads\/2022\/07\/Mumm-Extra-Brut-750cm3-2-Speed-250-ml.jpg?fit=700%2C700&ssl=1&resize=350%2C200 1x, https:\/\/i0.wp.com\/estacionbebidas.com.ar\/wp-content\/uploads\/2022\/07\/Mumm-Extra-Brut-750cm3-2-Speed-250-ml.jpg?fit=700%2C700&ssl=1&resize=525%2C300 1.5x, https:\/\/i0.wp.com\/estacionbebidas.com.ar\/wp-content\/uploads\/2022\/07\/Mumm-Extra-Brut-750cm3-2-Speed-250-ml.jpg?fit=700%2C700&ssl=1&resize=700%2C400 2x"},"classes":[]},{"id":810,"url":"https:\/\/estacionbebidas.com.ar\/index.php\/product\/mumm-extra-brut-750cm3-2-red-bull-250-ml\/","url_meta":{"origin":873,"position":1},"title":"Mumm Extra Brut 750cm3 + 2 Red Bull 250 ml","author":"EstacionBebidas","date":"24\/07\/2022","format":false,"excerpt":"Mumm Extra Brut 750cm3 + 2 Red Bull 250 ml","rel":"","context":"Entrada similar ","block_context":{"text":"Entrada similar ","link":""},"img":{"alt_text":"","src":"https:\/\/i0.wp.com\/estacionbebidas.com.ar\/wp-content\/uploads\/2022\/07\/Mumm-Extra-Brut-750cm3-2-Red-Bull-250-ml.jpg?fit=700%2C700&ssl=1&resize=350%2C200","width":350,"height":200,"srcset":"https:\/\/i0.wp.com\/estacionbebidas.com.ar\/wp-content\/uploads\/2022\/07\/Mumm-Extra-Brut-750cm3-2-Red-Bull-250-ml.jpg?fit=700%2C700&ssl=1&resize=350%2C200 1x, https:\/\/i0.wp.com\/estacionbebidas.com.ar\/wp-content\/uploads\/2022\/07\/Mumm-Extra-Brut-750cm3-2-Red-Bull-250-ml.jpg?fit=700%2C700&ssl=1&resize=525%2C300 1.5x, https:\/\/i0.wp.com\/estacionbebidas.com.ar\/wp-content\/uploads\/2022\/07\/Mumm-Extra-Brut-750cm3-2-Red-Bull-250-ml.jpg?fit=700%2C700&ssl=1&resize=700%2C400 2x"},"classes":[]},{"id":811,"url":"https:\/\/estacionbebidas.com.ar\/index.php\/product\/mumm-extra-brut-750cm3-2-red-bull-sugar-free-250-ml\/","url_meta":{"origin":873,"position":2},"title":"Mumm Extra Brut 750cm3 + 2 Red Bull Sugar free 250 ml","author":"EstacionBebidas","date":"24\/07\/2022","format":false,"excerpt":"Mumm Extra Brut 750cm3 + 2 Red Bull Sugar free 250 ml","rel":"","context":"Entrada similar ","block_context":{"text":"Entrada similar ","link":""},"img":{"alt_text":"","src":"https:\/\/i0.wp.com\/estacionbebidas.com.ar\/wp-content\/uploads\/2022\/07\/Mumm-Extra-Brut-750cm3-2-Red-Bull-sugar-free-250-ml.jpg?fit=700%2C700&ssl=1&resize=350%2C200","width":350,"height":200,"srcset":"https:\/\/i0.wp.com\/estacionbebidas.com.ar\/wp-content\/uploads\/2022\/07\/Mumm-Extra-Brut-750cm3-2-Red-Bull-sugar-free-250-ml.jpg?fit=700%2C700&ssl=1&resize=350%2C200 1x, https:\/\/i0.wp.com\/estacionbebidas.com.ar\/wp-content\/uploads\/2022\/07\/Mumm-Extra-Brut-750cm3-2-Red-Bull-sugar-free-250-ml.jpg?fit=700%2C700&ssl=1&resize=525%2C300 1.5x, https:\/\/i0.wp.com\/estacionbebidas.com.ar\/wp-content\/uploads\/2022\/07\/Mumm-Extra-Brut-750cm3-2-Red-Bull-sugar-free-250-ml.jpg?fit=700%2C700&ssl=1&resize=700%2C400 2x"},"classes":[]},{"id":967,"url":"https:\/\/estacionbebidas.com.ar\/index.php\/product\/aperol-750ml-mumm-750ml\/","url_meta":{"origin":873,"position":3},"title":"Aperol 750ml + Mumm 750ml","author":"EstacionBebidas","date":"06\/09\/2022","format":false,"excerpt":"Aperitivo Aperol + Espumante Mumm 750ml","rel":"","context":"Entrada similar ","block_context":{"text":"Entrada similar ","link":""},"img":{"alt_text":"","src":"https:\/\/i0.wp.com\/estacionbebidas.com.ar\/wp-content\/uploads\/2022\/07\/Aperol-Mumm-Extra-Brut.jpg?fit=700%2C700&ssl=1&resize=350%2C200","width":350,"height":200,"srcset":"https:\/\/i0.wp.com\/estacionbebidas.com.ar\/wp-content\/uploads\/2022\/07\/Aperol-Mumm-Extra-Brut.jpg?fit=700%2C700&ssl=1&resize=350%2C200 1x, https:\/\/i0.wp.com\/estacionbebidas.com.ar\/wp-content\/uploads\/2022\/07\/Aperol-Mumm-Extra-Brut.jpg?fit=700%2C700&ssl=1&resize=525%2C300 1.5x, https:\/\/i0.wp.com\/estacionbebidas.com.ar\/wp-content\/uploads\/2022\/07\/Aperol-Mumm-Extra-Brut.jpg?fit=700%2C700&ssl=1&resize=700%2C400 2x"},"classes":[]},{"id":998,"url":"https:\/\/estacionbebidas.com.ar\/index.php\/product\/cosecha-especial-norton-extra-brut-750-cc\/","url_meta":{"origin":873,"position":4},"title":"Espumante Norton Cosecha Especial Extra Brut 750 cc.","author":"EstacionBebidas","date":"07\/12\/2022","format":false,"excerpt":"Cosecha Especial Norton Extra Brut 750cc","rel":"","context":"Entrada similar ","block_context":{"text":"Entrada similar ","link":""},"img":{"alt_text":"","src":"https:\/\/i0.wp.com\/estacionbebidas.com.ar\/wp-content\/uploads\/2022\/12\/Norton-cosecha-especial.jpg?fit=800%2C800&ssl=1&resize=350%2C200","width":350,"height":200,"srcset":"https:\/\/i0.wp.com\/estacionbebidas.com.ar\/wp-content\/uploads\/2022\/12\/Norton-cosecha-especial.jpg?fit=800%2C800&ssl=1&resize=350%2C200 1x, https:\/\/i0.wp.com\/estacionbebidas.com.ar\/wp-content\/uploads\/2022\/12\/Norton-cosecha-especial.jpg?fit=800%2C800&ssl=1&resize=525%2C300 1.5x, https:\/\/i0.wp.com\/estacionbebidas.com.ar\/wp-content\/uploads\/2022\/12\/Norton-cosecha-especial.jpg?fit=800%2C800&ssl=1&resize=700%2C400 2x"},"classes":[]},{"id":1082,"url":"https:\/\/estacionbebidas.com.ar\/index.php\/product\/fernet-buhero-negro-700cc\/","url_meta":{"origin":873,"position":5},"title":"Fernet Buhero Negro 700cc","author":"EstacionBebidas","date":"17\/11\/2023","format":false,"excerpt":"Ingredientes:\u00a0m\u00e1s de 20 bot\u00e1nicos de todas partes del mundo que son seleccionados, molidos y mezclados, para macerarse en alcohol. Incluidos Azafr\u00e1n, Menta, Quina Roja, Te Negro, L\u00fapulo y Nuez Moscada. Elaboraci\u00f3n:\u00a0Mediante un proceso de maceraci\u00f3n e infusi\u00f3n, se extraen los compuestos de las hierbas que le dan aroma, sabor y\u2026","rel":"","context":"Entrada similar ","block_context":{"text":"Entrada similar ","link":""},"img":{"alt_text":"","src":"https:\/\/i0.wp.com\/estacionbebidas.com.ar\/wp-content\/uploads\/2023\/11\/fernet-buhero.jpg?fit=800%2C800&ssl=1&resize=350%2C200","width":350,"height":200,"srcset":"https:\/\/i0.wp.com\/estacionbebidas.com.ar\/wp-content\/uploads\/2023\/11\/fernet-buhero.jpg?fit=800%2C800&ssl=1&resize=350%2C200 1x, https:\/\/i0.wp.com\/estacionbebidas.com.ar\/wp-content\/uploads\/2023\/11\/fernet-buhero.jpg?fit=800%2C800&ssl=1&resize=525%2C300 1.5x, https:\/\/i0.wp.com\/estacionbebidas.com.ar\/wp-content\/uploads\/2023\/11\/fernet-buhero.jpg?fit=800%2C800&ssl=1&resize=700%2C400 2x"},"classes":[]}],"jetpack_sharing_enabled":true,"_links":{"self":[{"href":"https:\/\/estacionbebidas.com.ar\/index.php\/wp-json\/wp\/v2\/product\/873","targetHints":{"allow":["GET"]}}],"collection":[{"href":"https:\/\/estacionbebidas.com.ar\/index.php\/wp-json\/wp\/v2\/product"}],"about":[{"href":"https:\/\/estacionbebidas.com.ar\/index.php\/wp-json\/wp\/v2\/types\/product"}],"replies":[{"embeddable":true,"href":"https:\/\/estacionbebidas.com.ar\/index.php\/wp-json\/wp\/v2\/comments?post=873"}],"wp:featuredmedia":[{"embeddable":true,"href":"https:\/\/estacionbebidas.com.ar\/index.php\/wp-json\/wp\/v2\/media\/484"}],"wp:attachment":[{"href":"https:\/\/estacionbebidas.com.ar\/index.php\/wp-json\/wp\/v2\/media?parent=873"}],"wp:term":[{"taxonomy":"product_cat","embeddable":true,"href":"https:\/\/estacionbebidas.com.ar\/index.php\/wp-json\/wp\/v2\/product_cat?post=873"},{"taxonomy":"product_tag","embeddable":true,"href":"https:\/\/estacionbebidas.com.ar\/index.php\/wp-json\/wp\/v2\/product_tag?post=873"}],"curies":[{"name":"wp","href":"https:\/\/api.w.org\/{rel}","templated":true}]}}