{"id":1082,"date":"2023-11-17T15:43:22","date_gmt":"2023-11-17T18:43:22","guid":{"rendered":"https:\/\/estacionbebidas.com.ar\/?post_type=product&#038;p=1082"},"modified":"2024-05-01T18:18:17","modified_gmt":"2024-05-01T21:18:17","slug":"fernet-buhero-negro-700cc","status":"publish","type":"product","link":"https:\/\/estacionbebidas.com.ar\/index.php\/product\/fernet-buhero-negro-700cc\/","title":{"rendered":"Fernet Buhero Negro 700cc"},"content":{"rendered":"<p class=\"s_title_default\">Ingredientes:\u00a0m\u00e1s de 20 bot\u00e1nicos de todas partes del mundo que son seleccionados, molidos y mezclados, para macerarse en alcohol.<\/p>\n<p class=\"s_title_default\">Incluidos Azafr\u00e1n, Menta, Quina Roja, Te Negro, L\u00fapulo y Nuez Moscada.<\/p>\n<p class=\"s_title_default\">Elaboraci\u00f3n:\u00a0Mediante un proceso de maceraci\u00f3n e infusi\u00f3n, se extraen los compuestos de las hierbas que le dan aroma, sabor y cuerpo al fernet. Luego, estas extracciones se mezclan y se dejan reposar en tanque hasta que alcanza la maduraci\u00f3n ideal antes de ser embotellado.<\/p>\n<p class=\"s_title_default\">Vista:\u00a0Color marr\u00f3n caf\u00e9 oscuro, con reflejos dorado ? verdosos<\/p>\n<p class=\"s_title_default\">Aroma:\u00a0Intenso, marcadamente especiado y herb\u00e1ceo. Notas de mirra, genciana, ruibarbo, regaliz, clavo de olor y canela.<\/p>\n<p class=\"s_title_default\">Sabor:\u00a0Medicinal, especiado y bals\u00e1mico. Notas de clavo de olor, canela, y regaliz. Entrada dulce, que deja paso al amargor caracter\u00edstico, que aporta largo de boca, con un final fresco.<\/p>\n","protected":false},"excerpt":{"rendered":"<p>Ingredientes:\u00a0m\u00e1s de 20 bot\u00e1nicos de todas partes del mundo que son seleccionados, molidos y mezclados, para macerarse en alcohol. Incluidos Azafr\u00e1n, Menta, Quina Roja, Te Negro, L\u00fapulo y Nuez Moscada. Elaboraci\u00f3n:\u00a0Mediante un proceso de maceraci\u00f3n e infusi\u00f3n, se extraen los compuestos de las hierbas que le dan aroma, sabor y cuerpo al fernet. Luego, estas [&hellip;]<\/p>\n","protected":false},"featured_media":1083,"comment_status":"open","ping_status":"closed","template":"","meta":{"inline_featured_image":false},"product_cat":[28],"product_tag":[],"class_list":{"0":"post-1082","1":"product","2":"type-product","3":"status-publish","4":"has-post-thumbnail","6":"product_cat-aperitivos","8":"first","9":"instock","10":"sale","11":"shipping-taxable","12":"purchasable","13":"product-type-simple","14":"fm-hide-badges"},"aioseo_notices":[],"jetpack-related-posts":[{"id":1084,"url":"https:\/\/estacionbebidas.com.ar\/index.php\/product\/fernet-buhero-negro-700cc-coca-cola-2-25l\/","url_meta":{"origin":1082,"position":0},"title":"Fernet Buhero Negro 700cc + Coca-Cola 2.25L","author":"EstacionBebidas","date":"17\/11\/2023","format":false,"excerpt":"","rel":"","context":"Entrada similar ","block_context":{"text":"Entrada similar ","link":""},"img":{"alt_text":"","src":"https:\/\/i0.wp.com\/estacionbebidas.com.ar\/wp-content\/uploads\/2023\/11\/Fernet-buhero-Coca-2.25L.jpg?fit=800%2C800&ssl=1&resize=350%2C200","width":350,"height":200,"srcset":"https:\/\/i0.wp.com\/estacionbebidas.com.ar\/wp-content\/uploads\/2023\/11\/Fernet-buhero-Coca-2.25L.jpg?fit=800%2C800&ssl=1&resize=350%2C200 1x, https:\/\/i0.wp.com\/estacionbebidas.com.ar\/wp-content\/uploads\/2023\/11\/Fernet-buhero-Coca-2.25L.jpg?fit=800%2C800&ssl=1&resize=525%2C300 1.5x, https:\/\/i0.wp.com\/estacionbebidas.com.ar\/wp-content\/uploads\/2023\/11\/Fernet-buhero-Coca-2.25L.jpg?fit=800%2C800&ssl=1&resize=700%2C400 2x"},"classes":[]},{"id":866,"url":"https:\/\/estacionbebidas.com.ar\/index.php\/product\/fernet-750ml\/","url_meta":{"origin":1082,"position":1},"title":"Fernet Branca 750ml","author":"EstacionBebidas","date":"24\/07\/2022","format":false,"excerpt":"Fernet 750ml","rel":"","context":"Entrada similar ","block_context":{"text":"Entrada similar ","link":""},"img":{"alt_text":"","src":"https:\/\/i0.wp.com\/estacionbebidas.com.ar\/wp-content\/uploads\/2022\/07\/Fernet-750cc.jpg?fit=800%2C800&ssl=1&resize=350%2C200","width":350,"height":200,"srcset":"https:\/\/i0.wp.com\/estacionbebidas.com.ar\/wp-content\/uploads\/2022\/07\/Fernet-750cc.jpg?fit=800%2C800&ssl=1&resize=350%2C200 1x, https:\/\/i0.wp.com\/estacionbebidas.com.ar\/wp-content\/uploads\/2022\/07\/Fernet-750cc.jpg?fit=800%2C800&ssl=1&resize=525%2C300 1.5x, https:\/\/i0.wp.com\/estacionbebidas.com.ar\/wp-content\/uploads\/2022\/07\/Fernet-750cc.jpg?fit=800%2C800&ssl=1&resize=700%2C400 2x"},"classes":[]},{"id":807,"url":"https:\/\/estacionbebidas.com.ar\/index.php\/product\/fernet-750ml-coca-cola-2-25l\/","url_meta":{"origin":1082,"position":2},"title":"Fernet Branca 750ml + Coca Cola 2.25L","author":"EstacionBebidas","date":"24\/07\/2022","format":false,"excerpt":"Fernet 750ml + Coca Cola 2.25L","rel":"","context":"Entrada similar ","block_context":{"text":"Entrada similar ","link":""},"img":{"alt_text":"","src":"https:\/\/i0.wp.com\/estacionbebidas.com.ar\/wp-content\/uploads\/2022\/07\/Fernet-750cc-Coca-Cola-2.25L.jpg?fit=700%2C700&ssl=1&resize=350%2C200","width":350,"height":200,"srcset":"https:\/\/i0.wp.com\/estacionbebidas.com.ar\/wp-content\/uploads\/2022\/07\/Fernet-750cc-Coca-Cola-2.25L.jpg?fit=700%2C700&ssl=1&resize=350%2C200 1x, https:\/\/i0.wp.com\/estacionbebidas.com.ar\/wp-content\/uploads\/2022\/07\/Fernet-750cc-Coca-Cola-2.25L.jpg?fit=700%2C700&ssl=1&resize=525%2C300 1.5x, https:\/\/i0.wp.com\/estacionbebidas.com.ar\/wp-content\/uploads\/2022\/07\/Fernet-750cc-Coca-Cola-2.25L.jpg?fit=700%2C700&ssl=1&resize=700%2C400 2x"},"classes":[]},{"id":963,"url":"https:\/\/estacionbebidas.com.ar\/index.php\/product\/fernet-750ml-coca-cola-zero-2-25l\/","url_meta":{"origin":1082,"position":3},"title":"Fernet Branca 750ml + Coca Cola Zero 2.25L","author":"EstacionBebidas","date":"29\/08\/2022","format":false,"excerpt":"Fernet 750ml + Coca Cola Zero 2.25L","rel":"","context":"Entrada similar ","block_context":{"text":"Entrada similar ","link":""},"img":{"alt_text":"","src":"https:\/\/i0.wp.com\/estacionbebidas.com.ar\/wp-content\/uploads\/2022\/08\/Fernet-750cc-Coca-Cola-Zero-2.25L.jpg?fit=700%2C700&ssl=1&resize=350%2C200","width":350,"height":200,"srcset":"https:\/\/i0.wp.com\/estacionbebidas.com.ar\/wp-content\/uploads\/2022\/08\/Fernet-750cc-Coca-Cola-Zero-2.25L.jpg?fit=700%2C700&ssl=1&resize=350%2C200 1x, https:\/\/i0.wp.com\/estacionbebidas.com.ar\/wp-content\/uploads\/2022\/08\/Fernet-750cc-Coca-Cola-Zero-2.25L.jpg?fit=700%2C700&ssl=1&resize=525%2C300 1.5x, https:\/\/i0.wp.com\/estacionbebidas.com.ar\/wp-content\/uploads\/2022\/08\/Fernet-750cc-Coca-Cola-Zero-2.25L.jpg?fit=700%2C700&ssl=1&resize=700%2C400 2x"},"classes":[]},{"id":934,"url":"https:\/\/estacionbebidas.com.ar\/index.php\/product\/papas-pringles-sabor-queso-x-71gr\/","url_meta":{"origin":1082,"position":4},"title":"Papas Pringles sabor QUESO x 71gr","author":"EstacionBebidas","date":"20\/08\/2022","format":false,"excerpt":"Papas Pringles sabor QUESO x 71gr","rel":"","context":"Entrada similar ","block_context":{"text":"Entrada similar ","link":""},"img":{"alt_text":"","src":"https:\/\/i0.wp.com\/estacionbebidas.com.ar\/wp-content\/uploads\/2022\/08\/Papas-Pringles-Queso-67gr.jpg?fit=700%2C700&ssl=1&resize=350%2C200","width":350,"height":200,"srcset":"https:\/\/i0.wp.com\/estacionbebidas.com.ar\/wp-content\/uploads\/2022\/08\/Papas-Pringles-Queso-67gr.jpg?fit=700%2C700&ssl=1&resize=350%2C200 1x, https:\/\/i0.wp.com\/estacionbebidas.com.ar\/wp-content\/uploads\/2022\/08\/Papas-Pringles-Queso-67gr.jpg?fit=700%2C700&ssl=1&resize=525%2C300 1.5x, https:\/\/i0.wp.com\/estacionbebidas.com.ar\/wp-content\/uploads\/2022\/08\/Papas-Pringles-Queso-67gr.jpg?fit=700%2C700&ssl=1&resize=700%2C400 2x"},"classes":[]},{"id":936,"url":"https:\/\/estacionbebidas.com.ar\/index.php\/product\/papas-pringles-sabor-crema-y-cebolla-x-71gr\/","url_meta":{"origin":1082,"position":5},"title":"Papas Pringles sabor CREMA Y CEBOLLA x 71gr","author":"EstacionBebidas","date":"20\/08\/2022","format":false,"excerpt":"Papas Pringles sabor CREMA Y CEBOLLA x 71gr","rel":"","context":"Entrada similar ","block_context":{"text":"Entrada similar ","link":""},"img":{"alt_text":"","src":"https:\/\/i0.wp.com\/estacionbebidas.com.ar\/wp-content\/uploads\/2022\/08\/Papas-Pringles-Crema-y-Cebolla-71gr.jpg?fit=700%2C700&ssl=1&resize=350%2C200","width":350,"height":200,"srcset":"https:\/\/i0.wp.com\/estacionbebidas.com.ar\/wp-content\/uploads\/2022\/08\/Papas-Pringles-Crema-y-Cebolla-71gr.jpg?fit=700%2C700&ssl=1&resize=350%2C200 1x, https:\/\/i0.wp.com\/estacionbebidas.com.ar\/wp-content\/uploads\/2022\/08\/Papas-Pringles-Crema-y-Cebolla-71gr.jpg?fit=700%2C700&ssl=1&resize=525%2C300 1.5x, https:\/\/i0.wp.com\/estacionbebidas.com.ar\/wp-content\/uploads\/2022\/08\/Papas-Pringles-Crema-y-Cebolla-71gr.jpg?fit=700%2C700&ssl=1&resize=700%2C400 2x"},"classes":[]}],"jetpack_sharing_enabled":true,"_links":{"self":[{"href":"https:\/\/estacionbebidas.com.ar\/index.php\/wp-json\/wp\/v2\/product\/1082","targetHints":{"allow":["GET"]}}],"collection":[{"href":"https:\/\/estacionbebidas.com.ar\/index.php\/wp-json\/wp\/v2\/product"}],"about":[{"href":"https:\/\/estacionbebidas.com.ar\/index.php\/wp-json\/wp\/v2\/types\/product"}],"replies":[{"embeddable":true,"href":"https:\/\/estacionbebidas.com.ar\/index.php\/wp-json\/wp\/v2\/comments?post=1082"}],"wp:featuredmedia":[{"embeddable":true,"href":"https:\/\/estacionbebidas.com.ar\/index.php\/wp-json\/wp\/v2\/media\/1083"}],"wp:attachment":[{"href":"https:\/\/estacionbebidas.com.ar\/index.php\/wp-json\/wp\/v2\/media?parent=1082"}],"wp:term":[{"taxonomy":"product_cat","embeddable":true,"href":"https:\/\/estacionbebidas.com.ar\/index.php\/wp-json\/wp\/v2\/product_cat?post=1082"},{"taxonomy":"product_tag","embeddable":true,"href":"https:\/\/estacionbebidas.com.ar\/index.php\/wp-json\/wp\/v2\/product_tag?post=1082"}],"curies":[{"name":"wp","href":"https:\/\/api.w.org\/{rel}","templated":true}]}}